{"id":8,"date":"2015-08-15T21:13:40","date_gmt":"2015-08-15T21:13:40","guid":{"rendered":"http:\/\/promanbo.com\/wordpress\/fr\/?page_id=8"},"modified":"2024-06-10T14:36:48","modified_gmt":"2024-06-10T12:36:48","slug":"contact","status":"publish","type":"page","link":"https:\/\/promanbo.com\/wordpress\/fr\/contact\/","title":{"rendered":"Contact"},"content":{"rendered":"<div class=\"two-third column\"><div class=\"content-block\"><div class=\"block-title\"><span>Prendre contact<\/span><\/div><div class=\"block-content\">Vous pouvez laisser un message en utilisant le formulaire de contact ci-dessous.<\/p>\n<div class=\"contact-form formatted-form\"><form action=\"https:\/\/promanbo.com\/wordpress\/fr\/wp-admin\/admin-ajax.php\" method=\"POST\" class=\"ajax-form\"><div class=\"alert\"><\/div><div class=\"one-half column \"><div class=\"field-wrapper\"><input type=\"text\" id=\"votre-nom\" name=\"votre-nom\" value=\"\" placeholder=\"Votre nom\"  \/><\/div><\/div><div class=\"one-half column last\"><div class=\"field-wrapper\"><input type=\"text\" id=\"votre-adresse-mail\" name=\"votre-adresse-mail\" value=\"\" placeholder=\"Votre adresse mail\"  \/><\/div><\/div><div class=\"clear\"><\/div><div class=\"one-half column \"><div class=\"select-field\"><select id=\"concerne\" name=\"concerne\" ><option value=\"0\" >Concerne<\/option><option value=\"1\" > Demande TOUR MANAGEMENT<\/option><option value=\"2\" >  Demande GENERALE<\/option><\/select><\/div><\/div><div class=\"clear\"><\/div><div class=\"field-wrapper\"><textarea id=\"message\" name=\"message\" placeholder=\"Message\" ><\/textarea><\/div><div class=\"clear\"><\/div><div class=\"captcha\"><img decoding=\"async\" src=\"https:\/\/promanbo.com\/wordpress\/fr\/wp-content\/themes\/replay\/framework\/assets\/images\/captcha\/captcha.php\" alt=\"\" \/><input type=\"text\" name=\"captcha\" id=\"captcha\" size=\"6\" value=\"\" placeholder=\"Code\" \/><\/div><div class=\"clear\"><\/div><input type=\"hidden\" name=\"slug\" value=\"contact\" \/><input type=\"hidden\" class=\"action\" value=\"themex_form_submit\" \/><a class=\"submit button\" href=\"#\"><span>Envoyer<\/span><\/a><\/form><\/div><br \/>\n<\/div><\/div><br \/>\n<\/div>\n<div class=\"one-third column last\"><div class=\"content-block\"><div class=\"block-title\"><span>Contact Info<\/span><\/div><div class=\"block-content\">philippe dessauvage<br \/>\ninfo [at] PrOMAnBO.com<br \/>\n+32 485 570 006<\/p>\n<\/div><\/div>\n<div class=\"content-block\"><div class=\"block-title\"><span>Informations soci\u00e9t\u00e9<\/span><\/div><div class=\"block-content\">promanbo\u00a0asbl<br \/>\nrue des brebis 21<br \/>\n1170 watermael-boitsfort (bruxelles)<br \/>\nbelgique<\/p>\n<p>iban : BE39 5230 8036 8619<br \/>\nbic : TRIOBEBB<br \/>\ncbe : 0823.458.833<\/p>\n<p>inscription au registre national des agents artistiques (France)<br \/>\nnum\u00e9ro\u00a0d&#8217;enregistrement 2012-00366<\/p>\n<p>PrOMAnBO est membre du r\u00e9seau Zone Franche, Belgian Worldwide Music Network, F\u00e9d\u00e9ration des Bookers et Managers Uni\u00b7e\u00b7s, Flanders Folk Network<\/div><\/div><br \/>\n<\/div><div class=\"clear\"><\/div>\n","protected":false},"excerpt":{"rendered":"","protected":false},"author":1,"featured_media":0,"parent":0,"menu_order":0,"comment_status":"open","ping_status":"open","template":"","meta":{"footnotes":""},"class_list":["post-8","page","type-page","status-publish","hentry"],"_links":{"self":[{"href":"https:\/\/promanbo.com\/wordpress\/fr\/wp-json\/wp\/v2\/pages\/8","targetHints":{"allow":["GET"]}}],"collection":[{"href":"https:\/\/promanbo.com\/wordpress\/fr\/wp-json\/wp\/v2\/pages"}],"about":[{"href":"https:\/\/promanbo.com\/wordpress\/fr\/wp-json\/wp\/v2\/types\/page"}],"author":[{"embeddable":true,"href":"https:\/\/promanbo.com\/wordpress\/fr\/wp-json\/wp\/v2\/users\/1"}],"replies":[{"embeddable":true,"href":"https:\/\/promanbo.com\/wordpress\/fr\/wp-json\/wp\/v2\/comments?post=8"}],"version-history":[{"count":15,"href":"https:\/\/promanbo.com\/wordpress\/fr\/wp-json\/wp\/v2\/pages\/8\/revisions"}],"predecessor-version":[{"id":655,"href":"https:\/\/promanbo.com\/wordpress\/fr\/wp-json\/wp\/v2\/pages\/8\/revisions\/655"}],"wp:attachment":[{"href":"https:\/\/promanbo.com\/wordpress\/fr\/wp-json\/wp\/v2\/media?parent=8"}],"curies":[{"name":"wp","href":"https:\/\/api.w.org\/{rel}","templated":true}]}}