{"id":29,"date":"2015-08-16T00:09:09","date_gmt":"2015-08-15T22:09:09","guid":{"rendered":"http:\/\/promanbo.com\/wordpress\/fr\/?page_id=29"},"modified":"2017-03-08T19:17:45","modified_gmt":"2017-03-08T18:17:45","slug":"tour-management","status":"publish","type":"page","link":"https:\/\/promanbo.com\/wordpress\/fr\/tour-management\/","title":{"rendered":"Tour Management"},"content":{"rendered":"<p><img loading=\"lazy\" decoding=\"async\" class=\"aligncenter wp-image-178 size-full\" src=\"http:\/\/promanbo.com\/wordpress\/wp-content\/uploads\/2015\/08\/banner_TM.jpg\" alt=\"\" width=\"1200\" height=\"400\" \/><\/p>\n<div class=\"content-block\"><div class=\"block-title\"><span>Take a seat and let you drive !<\/span><\/div><div class=\"block-content\">\n<blockquote><p>Prenez place et laissez-vous conduire !<\/p><\/blockquote>\n<p>Nous nous occupons de tous les aspects du Tour Management pour nos artistes mais nous collaborons \u00e9galement avec d\u2019autre agences et artistes. Et si vous avez uniquement besoin du service shuttle, nous sommes l\u00e0.  Bas\u00e9s \u00e0 Bruxelles, \u00e0 proximit\u00e9 de l\u2019a\u00e9roport, point de chute central de l\u2019Europe au milieu de sa capitale.<\/p>\n<p>Nous avons travaill\u00e9 entre autre avec Fragan, Contre Jour, Sc\u00e8n\u00e9gal Ethic, Festival Brosella.<br \/>\nLes artistes suivants ont test\u00e9 nos si\u00e8ges  \u2026. Sayon Bamba, Dobet Gnahor\u00e9, Driss El Maloumi, Hot Spoons, Marema et quelques autres.<\/p>\n<\/div><\/div><br \/>\n<div class=\"content-block\"><div class=\"block-title\"><span>Int\u00e9ress\u00e9<\/span><\/div><div class=\"block-content\">\n<p>Si vous \u00eates interess\u00e9 par\u00a0le Tour Management, remplissez le formulaire ci dessous avec comme\u00a0sujet <em>Demande TOUR MANAGEMENT<\/em>, et fournissez les informations suivantes:<\/p>\n<ul>\n<li>Nom de l&#8217;artiste et des liens URL pertinentes : Site web, Twitter, Facebook, Youtube<\/li>\n<li>Si l&#8217;artiste a d\u00e9j\u00e0 voyag\u00e9 au nord de la France, la Belgique, les Pays Bas et\/ou Allemagne<\/li>\n<li>Si l&#8217;artiste \u00e0 d\u00e9j\u00e0 fait des tourn\u00e9es internationales au pr\u00e9alable<\/li>\n<li>Quelle est la jauge que l&#8217;artiste pr\u00e9voit pour les villes en Europe<\/li>\n<li>Combien de personnes seront en d\u00e9placement (y compris l&#8217;artiste) et le r\u00f4le de chaque membre (manager, guitariste, &#8230;)<\/li>\n<li>Estimation approximatif de la\u00a0p\u00e9riode pour le voyage et la dur\u00e9e maximum\u00a0du voyage<\/li>\n<li>Les coordonn\u00e9es de la personne la plus appropri\u00e9e\u00a0\u00e0 contacter (nom, adresse mail, t\u00e9l\u00e9phone + code pays, skype)<\/li>\n<\/ul>\n<p>Nous avons h\u00e2te d&#8217;avoir de vos\u00a0nouvelles!<\/p>\n<p><span style=\"line-height: 1.5;\"><div class=\"contact-form formatted-form\"><form action=\"https:\/\/promanbo.com\/wordpress\/fr\/wp-admin\/admin-ajax.php\" method=\"POST\" class=\"ajax-form\"><div class=\"alert\"><\/div><div class=\"one-half column \"><div class=\"field-wrapper\"><input type=\"text\" id=\"votre-nom\" name=\"votre-nom\" value=\"\" placeholder=\"Votre nom\"  \/><\/div><\/div><div class=\"one-half column last\"><div class=\"field-wrapper\"><input type=\"text\" id=\"votre-adresse-mail\" name=\"votre-adresse-mail\" value=\"\" placeholder=\"Votre adresse mail\"  \/><\/div><\/div><div class=\"clear\"><\/div><div class=\"one-half column \"><div class=\"select-field\"><select id=\"concerne\" name=\"concerne\" ><option value=\"0\" >Concerne<\/option><option value=\"1\" > Demande TOUR MANAGEMENT<\/option><option value=\"2\" >  Demande GENERALE<\/option><\/select><\/div><\/div><div class=\"clear\"><\/div><div class=\"field-wrapper\"><textarea id=\"message\" name=\"message\" placeholder=\"Message\" ><\/textarea><\/div><div class=\"clear\"><\/div><div class=\"captcha\"><img decoding=\"async\" src=\"https:\/\/promanbo.com\/wordpress\/fr\/wp-content\/themes\/replay\/framework\/assets\/images\/captcha\/captcha.php\" alt=\"\" \/><input type=\"text\" name=\"captcha\" id=\"captcha\" size=\"6\" value=\"\" placeholder=\"Code\" \/><\/div><div class=\"clear\"><\/div><input type=\"hidden\" name=\"slug\" value=\"contact\" \/><input type=\"hidden\" class=\"action\" value=\"themex_form_submit\" \/><a class=\"submit button\" href=\"#\"><span>Envoyer<\/span><\/a><\/form><\/div><\/span><\/p>\n<\/div><\/div>\n","protected":false},"excerpt":{"rendered":"","protected":false},"author":1,"featured_media":0,"parent":0,"menu_order":0,"comment_status":"closed","ping_status":"open","template":"","meta":{"footnotes":""},"class_list":["post-29","page","type-page","status-publish","hentry"],"_links":{"self":[{"href":"https:\/\/promanbo.com\/wordpress\/fr\/wp-json\/wp\/v2\/pages\/29","targetHints":{"allow":["GET"]}}],"collection":[{"href":"https:\/\/promanbo.com\/wordpress\/fr\/wp-json\/wp\/v2\/pages"}],"about":[{"href":"https:\/\/promanbo.com\/wordpress\/fr\/wp-json\/wp\/v2\/types\/page"}],"author":[{"embeddable":true,"href":"https:\/\/promanbo.com\/wordpress\/fr\/wp-json\/wp\/v2\/users\/1"}],"replies":[{"embeddable":true,"href":"https:\/\/promanbo.com\/wordpress\/fr\/wp-json\/wp\/v2\/comments?post=29"}],"version-history":[{"count":19,"href":"https:\/\/promanbo.com\/wordpress\/fr\/wp-json\/wp\/v2\/pages\/29\/revisions"}],"predecessor-version":[{"id":611,"href":"https:\/\/promanbo.com\/wordpress\/fr\/wp-json\/wp\/v2\/pages\/29\/revisions\/611"}],"wp:attachment":[{"href":"https:\/\/promanbo.com\/wordpress\/fr\/wp-json\/wp\/v2\/media?parent=29"}],"curies":[{"name":"wp","href":"https:\/\/api.w.org\/{rel}","templated":true}]}}