{"id":15,"date":"2015-08-15T21:29:45","date_gmt":"2015-08-15T21:29:45","guid":{"rendered":"http:\/\/promanbo.com\/wordpress\/fr\/?page_id=15"},"modified":"2016-03-09T12:18:54","modified_gmt":"2016-03-09T11:18:54","slug":"accueil","status":"publish","type":"page","link":"https:\/\/promanbo.com\/wordpress\/fr\/","title":{"rendered":"Accueil"},"content":{"rendered":"<div class=\"content-block\"><div class=\"block-title\"><span>A propos<\/span><\/div><div class=\"block-content\">\n<p>PrOMAnBO pour\u00a0<em>Promote, Manage and\u00a0Book<\/em>.<\/p>\n<p>L&#8217;agence a \u00e9t\u00e9 fond\u00e9e en 2010 et s&#8217;occupe du Tour Management, Booking, Promotion et Artist Management dans le domaine du musique du monde.<\/p>\n<p>L&#8217;agence est bas\u00e9e \u00e0 Bruxelles et vise \u00e0 maintenir une relation \u00e9troite entre les prestations\u00a0artistiques et le d\u00e9veloppement de carri\u00e8re de l&#8217;artiste en fournissant du soutien, de la logistique et du\u00a0tour management, et ce, en\u00a0\u00a0collaboration avec les responsables de salles et de festivals, mais aussi avec le personnel technique.<span style=\"line-height: 1.5;\"><\/div><\/div><\/span><\/p>\n","protected":false},"excerpt":{"rendered":"","protected":false},"author":1,"featured_media":0,"parent":0,"menu_order":0,"comment_status":"open","ping_status":"open","template":"template-right.php","meta":{"footnotes":""},"class_list":["post-15","page","type-page","status-publish","hentry"],"_links":{"self":[{"href":"https:\/\/promanbo.com\/wordpress\/fr\/wp-json\/wp\/v2\/pages\/15","targetHints":{"allow":["GET"]}}],"collection":[{"href":"https:\/\/promanbo.com\/wordpress\/fr\/wp-json\/wp\/v2\/pages"}],"about":[{"href":"https:\/\/promanbo.com\/wordpress\/fr\/wp-json\/wp\/v2\/types\/page"}],"author":[{"embeddable":true,"href":"https:\/\/promanbo.com\/wordpress\/fr\/wp-json\/wp\/v2\/users\/1"}],"replies":[{"embeddable":true,"href":"https:\/\/promanbo.com\/wordpress\/fr\/wp-json\/wp\/v2\/comments?post=15"}],"version-history":[{"count":11,"href":"https:\/\/promanbo.com\/wordpress\/fr\/wp-json\/wp\/v2\/pages\/15\/revisions"}],"predecessor-version":[{"id":487,"href":"https:\/\/promanbo.com\/wordpress\/fr\/wp-json\/wp\/v2\/pages\/15\/revisions\/487"}],"wp:attachment":[{"href":"https:\/\/promanbo.com\/wordpress\/fr\/wp-json\/wp\/v2\/media?parent=15"}],"curies":[{"name":"wp","href":"https:\/\/api.w.org\/{rel}","templated":true}]}}